{"id":999,"date":"2023-06-17T18:26:48","date_gmt":"2023-06-17T17:26:48","guid":{"rendered":"https:\/\/walesnuclearforum.com\/polisi-preifatrwydd\/"},"modified":"2023-06-24T12:09:54","modified_gmt":"2023-06-24T11:09:54","slug":"polisi-preifatrwydd","status":"publish","type":"page","link":"https:\/\/walesnuclearforum.com\/cy\/polisi-preifatrwydd\/","title":{"rendered":"Polisi Preifatrwydd"},"content":{"rendered":"\t\t<div data-elementor-type=\"wp-page\" data-elementor-id=\"999\" class=\"elementor elementor-999 elementor-3\" data-elementor-post-type=\"page\">\n\t\t\t\t\t\t<section class=\"elementor-section elementor-top-section elementor-element elementor-element-29fc3131 elementor-section-boxed elementor-section-height-default elementor-section-height-default\" data-id=\"29fc3131\" data-element_type=\"section\" data-e-type=\"section\">\n\t\t\t\t\t\t<div class=\"elementor-container elementor-column-gap-default\">\n\t\t\t\t\t<div class=\"elementor-column elementor-col-100 elementor-top-column elementor-element elementor-element-4f223d56\" data-id=\"4f223d56\" data-element_type=\"column\" data-e-type=\"column\">\n\t\t\t<div class=\"elementor-widget-wrap elementor-element-populated\">\n\t\t\t\t\t\t<div class=\"elementor-element elementor-element-770543b7 elementor-widget elementor-widget-text-editor\" data-id=\"770543b7\" data-element_type=\"widget\" data-e-type=\"widget\" data-widget_type=\"text-editor.default\">\n\t\t\t\t<div class=\"elementor-widget-container\">\n\t\t\t\t\t\t\t\t\t<h3><strong>Polisi Preifatrwydd<\/strong><\/h3>\n<p><strong>Fforwm Niwclear Cymru Mae WNF<\/strong> yn deall bod eich preifatrwydd yn bwysig i chi a&#8217;ch bod yn poeni am sut mae eich data personol yn cael ei ddefnyddio a&#8217;i rannu ar-lein. Rydym yn parchu ac yn gwerthfawrogi preifatrwydd pawb sy\u2019n ymweld \u00e2\u2019r wefan hon, <a href=\"http:\/\/www.walesnuclearforum.com\/\">www.walesnuclearforum.com<\/a><\/p>\n<p>Bydd <a href=\"http:\/\/www.walesnuclearforum.com\/\">www.walesnuclearforum.com<\/a> (a elwir gyda\u2019i gilydd yn \u201cEin Gwefan\u201d) yn casglu ac yn defnyddio data personol mewn ffyrdd a ddisgrifir yma yn unig, ac mewn modd sy\u2019n gyson \u00e2\u2019n rhwymedigaethau Ni a\u2019ch hawliau o dan y gyfraith.<\/p>\n<p>Darllenwch y Polisi Preifatrwydd hwn yn ofalus a sicrhewch eich bod yn ei ddeall. Ystyrir eich bod yn derbyn Ein Polisi Preifatrwydd ar eich defnydd cyntaf o Ein Gwefan. Os nad ydych yn derbyn ac yn cytuno \u00e2&#8217;r Polisi Preifatrwydd hwn, rhaid i chi roi&#8217;r gorau i ddefnyddio Ein Gwefan ar unwaith.<\/p>\n<p><strong>1. Diffiniadau a Dehongliad<\/strong><\/p>\n<p>Yn y Polisi hwn, bydd gan y termau canlynol yr ystyron a ganlyn:<\/p>\n<p>Mae \u201cCyfrif\u201d yn golygu cyfrif sydd ei angen i gyrchu a\/neu ddefnyddio rhai ardaloedd a nodweddion Ein Gwefan;<\/p>\n<p>Mae \u201cCookie\u201d yn golygu ffeil destun fechan a osodir ar eich cyfrifiadur neu ddyfais gan Ein Gwefan pan fyddwch yn ymweld \u00e2 rhannau penodol o Ein Gwefan a\/neu pan fyddwch yn defnyddio rhai nodweddion Ein Gwefan. Mae manylion y Cwcis a ddefnyddir gan Ein Gwefan wedi&#8217;u nodi yn adran 13, isod;<\/p>\n<p>[ystyr \u201cCyfraith Cwcis\u201d yw\u2019r rhannau perthnasol o Reoliadau Preifatrwydd a Chyfathrebu Electronig (Cyfarwyddeb y CE) 2003;]<\/p>\n<p>Mae \u201cEin Gwefan\u201d yn golygu ein Gwefan a llwyfan Aelodaeth. Mae mewngofnodi sengl ar gael pan fyddwch yn cofrestru ar gyfer Cyfrif i gael mynediad i&#8217;n Gwefan.<\/p>\n<p>ystyr \u201cdata personol\u201d (\u201c personal data \u201d) yw unrhyw ddata a\u2019r holl ddata sy\u2019n ymwneud \u00e2 pherson adnabyddadwy y gellir ei adnabod yn uniongyrchol neu\u2019n anuniongyrchol o\u2019r data hwnnw. Yn yr achos hwn, mae&#8217;n golygu data personol rydych chi&#8217;n ei roi i Ni trwy Ein Gwefan. Rhaid i&#8217;r diffiniad hwn, pan fo&#8217;n gymwys, ymgorffori&#8217;r diffiniadau a ddarperir yn y[Data Protection Act 1998] NEU[EU Regulation 2016\/679 \u2013 the General Data Protection Regulation (\u201cGDPR\u201d)] ;<\/p>\n<p>Mae \u201cNi\/Ni\/Ein\u201d yn golygu WNF, cwmni cyfyngedig preifat sydd wedi&#8217;i gofrestru dan gwmni rhif 11534430 a&#8217;i gyfeiriad cofrestredig yw d\/o Vessco Engineering, Uned 11 Adeiladau Ffordd y Brenin, Ystad Ddiwydiannol Pen-y-bont ar Ogwr, Pen-y-bont ar Ogwr, CF31 3YH.<\/p>\n<p><strong>2. Gwybodaeth Amdanom Ni<\/strong><\/p>\n<p><strong> <\/strong><strong>2.1<\/strong> Mae ein Safle yn eiddo i WNF ac yn cael ei weithredu ganddo, cwmni cyfyngedig sydd wedi\u2019i gofrestru dan gwmni rhif 11534430 a\u2019i gyfeiriad cofrestredig yw d\/o Vessco Engineering, Uned 11 Adeiladau Ffordd y Brenin, Ystad Ddiwydiannol Pen-y-bont ar Ogwr, Pen-y-bont ar Ogwr, CF31 3YH.<\/p>\n<p><strong>2.2<\/strong> Ein rhif TAW yw<\/p>\n<p><strong>3. Beth Mae&#8217;r Polisi Hwn yn ei Gwmpasu?<\/strong><\/p>\n<p>Mae&#8217;r Polisi Preifatrwydd hwn yn berthnasol i&#8217;ch defnydd o Ein Gwefan yn unig. Gall ein Gwefan gynnwys dolenni i wefannau eraill. Sylwch nad oes gennym unrhyw reolaeth dros sut mae eich data yn cael ei gasglu, ei storio, neu ei ddefnyddio gan wefannau eraill ac rydym yn eich cynghori i wirio polis\u00efau preifatrwydd unrhyw wefannau o&#8217;r fath cyn darparu unrhyw ddata iddynt.<\/p>\n<p><strong>4. Eich Hawliau<\/strong><\/p>\n<p><strong>4.1<\/strong> Fel gwrthrych data, mae gennych yr hawliau canlynol o dan y GDPR, y mae\u2019r Polisi hwn a\u2019n Defnydd o ddata personol wedi\u2019u cynllunio i\u2019w cynnal:<\/p>\n<p><strong>4.1.1<\/strong> Yr hawl i gael gwybod am ein casgliad a defnydd o ddata personol;<\/p>\n<p><strong>4.1.2<\/strong> Yr hawl i gael mynediad at y data personol sydd gennym amdanoch (gweler adran 13);<\/p>\n<p><strong>4.1.3<\/strong> Yr hawl i gywiro os yw unrhyw ddata personol sydd gennym amdanoch yn anghywir neu&#8217;n anghyflawn (cysylltwch \u00e2 Ni gan ddefnyddio&#8217;r manylion yn adran 15);<\/p>\n<p><strong>4.1.4<\/strong>  Yr hawl i gael eich anghofio \u2013 hy yr hawl i ofyn i ni ddileu unrhyw ddata personol sydd gennym amdanoch (dim ond am gyfnod cyfyngedig yr ydym yn cadw eich data personol, fel yr eglurir yn adran 7 ond os hoffech i ni ei ddileu yn gynt, os gwelwch yn dda cysylltu \u00e2 Ni gan ddefnyddio&#8217;r manylion yn adran 15);<\/p>\n<p><strong>4.1.5<\/strong> Yr hawl i gyfyngu ar (hy atal) prosesu eich data personol;<\/p>\n<p><strong>4.1.6<\/strong> Yr hawl i gludadwyedd data (cael copi o&#8217;ch data personol i&#8217;w ailddefnyddio gyda gwasanaeth neu sefydliad arall);<\/p>\n<p><strong>4.1.7<\/strong> Yr hawl i wrthwynebu i ni ddefnyddio eich data personol at ddibenion penodol; a<\/p>\n<p><strong>4.1.8<\/strong> Hawliau o ran gwneud penderfyniadau a phroffilio awtomataidd.<\/p>\n<p><strong>4.2<\/strong> Os oes gennych unrhyw achos i gwyno am ein defnydd o\u2019ch data personol, cysylltwch \u00e2 ni gan ddefnyddio\u2019r manylion a ddarperir yn adran 15 a byddwn yn gwneud ein gorau i ddatrys y broblem ar eich rhan. Os na allwn helpu, mae gennych hefyd yr hawl i gyflwyno cwyn i awdurdod goruchwylio&#8217;r DU, Swyddfa&#8217;r Comisiynydd Gwybodaeth.<\/p>\n<p><strong>4.3<\/strong> I gael rhagor o wybodaeth am eich hawliau, cysylltwch \u00e2 Swyddfa&#8217;r Comisiynydd Gwybodaeth neu&#8217;ch Canolfan Cyngor ar Bopeth leol.<\/p>\n<p><strong>5. Pa Ddata Ydym yn ei Gasglu?<\/strong><\/p>\n<p>Yn dibynnu ar eich defnydd o Ein Gwefan, efallai y byddwn yn casglu rhywfaint neu&#8217;r cyfan o&#8217;r data personol ac amhersonol canlynol (gweler hefyd adran 14 ar Ein Defnydd o Gwcis a thechnolegau tebyg a&#8217;n Polisi Cwcis:<\/p>\n<p><strong>5.1<\/strong> enw;<\/p>\n<p><strong>5.2<\/strong> enw busnes\/cwmni<\/p>\n<p><strong>5.3<\/strong> teitl swydd;<\/p>\n<p><strong>5.4<\/strong> gwybodaeth gyswllt megis cyfeiriadau e-bost a rhifau ff\u00f4n;<\/p>\n<p><strong>5.5<\/strong> gwybodaeth ddemograffig megis cod post, dewisiadau a diddordebau;<\/p>\n<p><strong>5.6<\/strong> gwybodaeth ariannol megis rhifau cardiau credyd\/debyd;<\/p>\n<p><strong>5.7<\/strong> cyfeiriad IP;<\/p>\n<p><strong>5.8<\/strong> math a fersiwn porwr gwe;<\/p>\n<p><strong>5.9<\/strong> system weithredu;<\/p>\n<p><strong>5.10<\/strong> rhestr o URLau sy&#8217;n dechrau gyda gwefan gyfeirio, eich gweithgaredd ar Ein Gwefan, a&#8217;r wefan yr ydych yn gadael iddi;<\/p>\n<p><strong>5.11<\/strong> Gwybodaeth a ddarperir gennych trwy ein gwe-ffurflenni mewn perthynas ag ymholiadau cwrs, ymholiadau cyffredinol, digwyddiadau ac ati;<\/p>\n<p><strong>5.12<\/strong> Gwybodaeth a ddarperir gennych ar gyfer cofrestru arholiad ac ardystio unrhyw gymhwyster;<\/p>\n<p><strong>5.13<\/strong> Cofnod o ohebiaeth os byddwch yn cysylltu \u00e2 ni;<\/p>\n<p><strong>6. Sut gallwch reoli&#8217;r data personol a gasglwn amdanoch?<\/strong><\/p>\n<p><strong>6.1<\/strong> Ar gyfer holl aelodau\u2019r WNF a gofrestrwyd gyda ni cyn mis Mawrth 2020:<\/p>\n<p><strong>6.1.1<\/strong> Mae cyfrif wedi&#8217;i greu ar eich cyfer ar Ein Gwefan gyda gwybodaeth sydd gennym eisoes gyda&#8217;ch caniat\u00e2d.<\/p>\n<p><strong>6.1.2<\/strong> Wrth greu cyfrif, rydych wedi cael eich optio i mewn yn awtomatig i&#8217;n:<\/p>\n<p><strong>6.1.2.1<\/strong> Gohebiaeth Gr\u0175p gan WNF; gohebiaeth gan y grwpiau yr ydych yn rhyngweithio \u00e2 nhw ar hyn o bryd o dan eich aelodaeth \u00e2 ni, a<\/p>\n<p><strong>6.1.2.2<\/strong> Gohebiaeth Gyffredinol gan WNF; newyddion a diweddariadau cynnyrch ac ati.<\/p>\n<p><strong>6.2<\/strong> Ar gyfer pob unigolyn sy\u2019n cofrestru ar Ein Gwefan ar \u00f4l mis Mawrth 2020:<\/p>\n<p><strong>6.2.1<\/strong> Gofynnir i chi greu cyfrif a byddwch yn cael gweld y wybodaeth y mae arnom ei hangen gennych i greu&#8217;r cyfrif hwn.<\/p>\n<p><strong>6.2.2<\/strong> Bydd cymal 6.1.2 \u2013 6.1.3 wedyn yn berthnasol i chi fel defnyddiwr.<\/p>\n<p><strong>6.3<\/strong> Wrth gofrestru ar Ein Gwefan, mae&#8217;n bosibl y bydd eich enw a&#8217;ch sefydliad yn ymddangos yn ein rhestr aelodau mwyaf newydd \/ dan sylw ar flaen ein gwefan.<\/p>\n<p><strong>7. Sut Ydym Ni&#8217;n Defnyddio Eich Data?<\/strong><\/p>\n<p><strong>7.1<\/strong> Mae\u2019r holl ddata personol yn cael ei brosesu a\u2019i storio\u2019n ddiogel, am ddim hwy nag sy\u2019n angenrheidiol yng ngoleuni\u2019r rheswm(rhesymau) y cafodd ei gasglu gyntaf. Byddwn yn cydymffurfio \u00e2\u2019n rhwymedigaethau ac yn diogelu eich hawliau o dan y GDPR bob amser. I gael rhagor o fanylion am ddiogelwch gweler adran 7, isod.<\/p>\n<p><strong>7.2<\/strong>  Bydd sail gyfreithlon i\u2019n defnydd o\u2019ch data personol bob amser, naill ai oherwydd ei fod yn angenrheidiol ar gyfer ein perfformiad o gontract gyda chi, oherwydd eich bod wedi cydsynio i\u2019n defnydd o\u2019ch data personol (e.e. drwy gofrestru ar ein Gwefan), neu oherwydd ei fod sydd er ein buddiannau cyfreithlon. Yn benodol, efallai y byddwn yn defnyddio eich data at y dibenion canlynol:<\/p>\n<p><strong>7.2.1<\/strong> Darparu a rheoli eich cyfrif;<\/p>\n<p><strong>7.2.2<\/strong> Darparu a rheoli eich mynediad i Ein Gwefan;<\/p>\n<p><strong>7.2.3<\/strong> Cyflenwi ein cynnyrch A\/NEU ein gwasanaethau i chi (sylwch fod arnom angen eich data personol er mwyn ymrwymo i gontract gyda chi);<\/p>\n<p><strong>7.2.4<\/strong> Ymateb i negeseuon e-bost oddi wrthych;<\/p>\n<p><strong>7.2.5<\/strong> Rhoi e-byst i chi yr ydych wedi dewis eu derbyn wrth ymuno ag Aelodaeth WNF.<\/p>\n<p><strong>7.2.6<\/strong> Ymchwil marchnata;<\/p>\n<p><strong>7.2.7<\/strong> Dadansoddi eich defnydd o Ein Gwefan (a chasglu adborth) i&#8217;n galluogi i wella Ein Gwefan a&#8217;ch profiad defnyddiwr yn barhaus;<\/p>\n<p><strong>7.3<\/strong> Gyda\u2019ch caniat\u00e2d a\/neu lle caniateir hynny gan y gyfraith, efallai y byddwn hefyd yn defnyddio\u2019ch data at ddibenion marchnata a all gynnwys cysylltu \u00e2 chi drwy e-bost NEU dros y ff\u00f4n NEU bost gyda gwybodaeth, newyddion a chynigion ar ein cynnyrch A gwasanaethau. Fodd bynnag, ni fyddwn yn anfon unrhyw farchnata na sbam digymell atoch a byddwn yn cymryd pob cam rhesymol i sicrhau ein bod yn diogelu eich hawliau\u2019n llawn ac yn cydymffurfio \u00e2\u2019n rhwymedigaethau o dan y GDPR a Rheoliadau Preifatrwydd a Chyfathrebu Electronig (Cyfarwyddeb y CE) 2003.<\/p>\n<p><strong>7.4<\/strong> Gall trydydd part\u00efon o\u2019n haelodau neu ein rhwydwaith darparwyr sydd wedi\u2019u rhestru a\u2019u cysylltu o Ein Gwefan ddefnyddio Cwcis trydydd parti ar eu gwefannau, fel y manylir isod yn adran 13. Cyfeiriwch at adran 13 am ragor o wybodaeth am reoli Cwcis. Sylwch nad ydym yn rheoli gweithgareddau trydydd parti o&#8217;r fath, na&#8217;r data y maent yn ei gasglu a&#8217;i ddefnyddio ac yn eich cynghori i wirio polis\u00efau preifatrwydd unrhyw drydydd parti o&#8217;r fath wrth ymweld \u00e2&#8217;u gwefannau.<\/p>\n<p><strong>7.5<\/strong> Mae gennych yr hawl i dynnu eich caniat\u00e2d Ni i ddefnyddio eich data personol yn \u00f4l ar unrhyw adeg, ac i ofyn i ni ei ddileu.<\/p>\n<p><strong>7.6<\/strong> Nid ydym yn cadw eich data personol am fwy o amser nag sy\u2019n angenrheidiol yng ngoleuni\u2019r rheswm(rhesymau) y cafodd ei gasglu gyntaf. Felly bydd data\u2019n cael ei gadw am y cyfnodau canlynol (neu penderfynir ar ei gadw ar y seiliau canlynol):<\/p>\n<p><strong>7.6.1<\/strong> Rydym yn cadw gwybodaeth, ond dim ond cyhyd ag y bydd ei hangen arnom at y dibenion a ddisgrifir uchod. Mae pa mor hir y byddwn yn ei gadw yn dibynnu i raddau helaeth ar y math o wybodaeth a phwrpas.<\/p>\n<p><strong>7.6.2<\/strong> Er enghraifft, byddwn yn cadw eich gwybodaeth mewn perthynas ag ymholiadau cyhyd ag y bydd yr ymholiad yn weithredol.<\/p>\n<p><strong>7.6.3<\/strong> Os ydych wedi ymuno \u00e2 chwrs sy&#8217;n cael ei drefnu byddwn yn cadw eich gwybodaeth i gyfathrebu \u00e2 chi am drefniadau&#8217;r cwrs. Byddwn hefyd yn eich cofrestru ar y cwrs gan ddefnyddio&#8217;r wybodaeth a ddarparwyd gennych.<\/p>\n<p><strong>7.6.4<\/strong> Ym mhob achos, gall yr amser sydd ei angen arnom i gadw&#8217;r wybodaeth fod yn wahanol, ond ni fyddwn yn cadw&#8217;r wybodaeth ond cyhyd ag y bydd ei hangen arnom.<\/p>\n<p><strong>8. Sut a Ble Ydym Ni&#8217;n Storio Eich Data?<\/strong><\/p>\n<p><strong>8.1<\/strong> Dim ond am y cyfnod sydd ei angen arnom ni y byddwn ni\u2019n cadw eich data personol er mwyn ei ddefnyddio fel y disgrifir uchod yn adran 6, a\/neu cyhyd ag y mae gennym ni eich caniat\u00e2d i\u2019w gadw.<\/p>\n<p><strong>8.2<\/strong> Dim ond yn y DU y caiff eich data ei storio.<\/p>\n<p><strong>8.3<\/strong> Mae diogelwch data yn bwysig iawn i ni, ac i ddiogelu eich data rydym wedi cymryd mesurau addas i ddiogelu a diogelu data a gesglir trwy Ein Gwefan.<\/p>\n<p><strong>8.4<\/strong> Yn gyffredinol nid yw anfon gwybodaeth dros y rhyngrwyd yn gwbl ddiogel, ac ni allwn warantu diogelwch eich data tra&#8217;i fod yn cael ei gludo. Mae unrhyw ddata a anfonwch ar eich menter eich hun.<\/p>\n<p><strong>8.5<\/strong> Mae gennym weithdrefnau a nodweddion diogelwch yn eu lle i gadw eich data yn ddiogel unwaith y byddwn yn ei dderbyn.<\/p>\n<p><strong style=\"font-size: 16px;\">9. Ydyn Ni&#8217;n Rhannu Eich Data?<\/strong><\/p>\n<p><strong>9.1<\/strong> Yn amodol ar adrannau 8.2, 8.3 ac 8.4, ni fyddwn yn rhannu unrhyw ran o&#8217;ch data ag unrhyw drydydd parti at unrhyw ddibenion eraill.<\/p>\n<p><strong>9.2<\/strong> Mewn rhai amgylchiadau, mae\u2019n bosibl y bydd yn ofynnol yn gyfreithiol i ni rannu data penodol a gedwir gennym, a allai gynnwys eich data personol, er enghraifft, pan fyddwn yn cymryd rhan mewn achosion cyfreithiol, lle rydym yn cydymffurfio \u00e2 rhwymedigaethau cyfreithiol, gorchymyn llys, neu awdurdod llywodraethol.<\/p>\n<p><strong>9.3<\/strong> Gallwn gasglu ystadegau am y defnydd o Ein Gwefan gan gynnwys data ar draffig, patrymau defnydd, niferoedd defnyddwyr, gwerthiannau, a gwybodaeth arall. Bydd pob data o\u2019r fath yn ddienw ac ni fydd yn cynnwys unrhyw ddata sy\u2019n eich adnabod yn bersonol, nac unrhyw ddata dienw y gellir ei gyfuno \u00e2 data arall a\u2019i ddefnyddio i\u2019ch adnabod. Mae\u2019n bosibl y byddwn o bryd i\u2019w gilydd yn rhannu data o\u2019r fath \u00e2 thrydydd part\u00efon fel darpar fuddsoddwyr, cwmn\u00efau cysylltiedig, partneriaid, a hysbysebwyr. Dim ond o fewn ffiniau&#8217;r gyfraith y caiff data ei rannu a&#8217;i ddefnyddio.<\/p>\n<p><strong>10. Sut Allwch Chi Reoli Eich Data?<\/strong><\/p>\n<p><strong>10.1<\/strong> Yn ogystal \u00e2\u2019ch hawliau o dan y GDPR, a nodir yn adran 4, pan fyddwch yn cyflwyno data personol drwy Ein Gwefan, efallai y cewch opsiynau i gyfyngu ar ein defnydd o\u2019ch data. Yn benodol, ein nod yw rhoi rheolaethau cryf i chi ar ein defnydd o&#8217;ch data at ddibenion marchnata uniongyrchol.<\/p>\n<p><strong>10.2<\/strong> Efallai y byddwch hefyd yn dymuno ymuno ag un neu fwy o\u2019r gwasanaethau dewis sy\u2019n gweithredu yn y DU: Y Gwasanaeth Dewis Ff\u00f4n (\u201cy TPS\u201d), y Gwasanaeth Dewis Ff\u00f4n Corfforaethol (\u201cy CTPS\u201d), a\u2019r Mailing Preference Service ( \u201cyr MPS\u201d). Gall y rhain helpu i&#8217;ch atal rhag derbyn marchnata digymell. Sylwch, fodd bynnag, na fydd y gwasanaethau hyn yn eich atal rhag derbyn cyfathrebiadau marchnata yr ydych wedi cydsynio i\u2019w derbyn.<\/p>\n<p><strong>11. Eich Hawl i Atal Gwybodaeth<\/strong><\/p>\n<p><strong>11.1<\/strong> Gallwch gyrchu rhan benodol o&#8217;n Gwefan heb ddarparu unrhyw ddata o gwbl. Fodd bynnag, i ddefnyddio&#8217;r holl nodweddion a swyddogaethau sydd ar gael ar Ein Gwefan efallai y bydd gofyn i chi gyflwyno neu ganiat\u00e1u ar gyfer casglu data penodol.<\/p>\n<p><strong>11.2<\/strong> Gallwch gyfyngu ar ein defnydd o Gwcis. I gael rhagor o wybodaeth, gweler adran 13 a&#8217;n polisi Cwcis.<\/p>\n<p><strong>12. Sut Allwch Chi Gael Mynediad i&#8217;ch Data?<\/strong><\/p>\n<p>Mae gennych hawl i ofyn am gopi o unrhyw ddata personol a gedwir gennym ni (lle cedwir data o\u2019r fath). O dan y GDPR, nid oes ffi yn daladwy a byddwn yn darparu unrhyw wybodaeth a\u2019r holl wybodaeth mewn ymateb i\u2019ch cais yn rhad ac am ddim. Cysylltwch \u00e2 Ni am ragor o fanylion drwy ddefnyddio&#8217;r manylion cyswllt isod yn adran 14.<\/p>\n<p><strong>13. Ein Defnydd o Gwcis<\/strong><\/p>\n<p>Gall ein Gwefan osod a chael mynediad at rai Cwcis parti cyntaf ar eich cyfrifiadur neu ddyfais. Cwcis parti cyntaf yw&#8217;r rhai sy&#8217;n cael eu gosod yn uniongyrchol gennym ni ac sy&#8217;n cael eu defnyddio gennym ni yn unig. Rydym yn defnyddio Cwcis i hwyluso a gwella eich profiad o Ein Gwefan. Trwy ddefnyddio Ein Gwefan efallai y byddwch hefyd yn derbyn Cwcis trydydd parti penodol ar eich cyfrifiadur neu ddyfais. Cwcis trydydd parti yw&#8217;r rhai a osodir gan wefannau, gwasanaethau, a\/neu bart\u00efon heblaw ni. Defnyddir cwcis trydydd parti ar Ein Gwefan ar gyfer Twitter a Facebook i&#8217;ch galluogi i rannu gwybodaeth o&#8217;n gwefan trwy&#8217;r gwefannau rhwydweithio cymdeithasol hyn. Yn ogystal, mae Ein Gwefan yn defnyddio gwasanaethau dadansoddeg a ddarperir gan googleanalytics, sydd hefyd yn defnyddio Cwcis. Mae dadansoddeg gwefan yn cyfeirio at set o offer a ddefnyddir i gasglu a dadansoddi ystadegau defnydd, gan ein galluogi i ddeall yn well sut mae pobl yn defnyddio Ein Gwefan. Am ragor o fanylion, cyfeiriwch at ein polisi Cwcis.<\/p>\n<p><strong>14. Cysylltu \u00e2 Ni<\/strong><\/p>\n<p>Os oes gennych unrhyw gwestiynau am Ein Gwefan neu\u2019r polisi preifatrwydd hwn, cysylltwch \u00e2 Ni drwy e-bost ar <u>membership@walesnuclearforum.com<\/u> drwy ffonio 0161 877 7693 neu drwy\u2019r post yn WNF, d\/o Vessco Engineering, Uned 11 Adeiladau Ffordd y Brenin, Ystad Ddiwydiannol Pen-y-bont ar Ogwr , Pen-y-bont ar Ogwr, CF31 3YH.<\/p>\n<p>Sicrhewch fod eich ymholiad yn glir, yn enwedig os yw&#8217;n gais am wybodaeth am y data sydd gennym amdanoch chi (fel o dan adran 13, uchod).<\/p>\n<p><strong>15. Newidiadau i&#8217;n Polisi Preifatrwydd<\/strong><\/p>\n<p>Mae\u2019n bosibl y byddwn yn newid y polisi preifatrwydd hwn o bryd i\u2019w gilydd (er enghraifft, os bydd y gyfraith yn newid). Bydd unrhyw newidiadau yn cael eu postio ar unwaith ar Ein Gwefan a bernir eich bod wedi derbyn telerau&#8217;r polisi preifatrwydd ar eich defnydd cyntaf o Ein Gwefan yn dilyn y newidiadau. Rydym yn argymell eich bod yn gwirio&#8217;r dudalen hon yn rheolaidd i gael y wybodaeth ddiweddaraf.<\/p>\n\t\t\t\t\t\t\t\t<\/div>\n\t\t\t\t<\/div>\n\t\t\t\t\t<\/div>\n\t\t<\/div>\n\t\t\t\t\t<\/div>\n\t\t<\/section>\n\t\t\t\t<\/div>\n\t\t","protected":false},"excerpt":{"rendered":"<p>Polisi Preifatrwydd Fforwm Niwclear Cymru Mae WNF yn deall bod eich preifatrwydd yn bwysig i chi a&#8217;ch bod yn poeni am sut mae eich data personol yn cael ei ddefnyddio a&#8217;i rannu ar-lein. Rydym yn parchu ac yn gwerthfawrogi preifatrwydd pawb sy\u2019n ymweld \u00e2\u2019r wefan hon, www.walesnuclearforum.com Bydd www.walesnuclearforum.com (a elwir gyda\u2019i gilydd yn \u201cEin [&hellip;]<\/p>\n","protected":false},"author":1,"featured_media":0,"parent":0,"menu_order":0,"comment_status":"closed","ping_status":"open","template":"","meta":{"site-sidebar-layout":"default","site-content-layout":"","ast-site-content-layout":"default","site-content-style":"default","site-sidebar-style":"default","ast-global-header-display":"","ast-banner-title-visibility":"","ast-main-header-display":"","ast-hfb-above-header-display":"","ast-hfb-below-header-display":"","ast-hfb-mobile-header-display":"","site-post-title":"","ast-breadcrumbs-content":"","ast-featured-img":"","footer-sml-layout":"","ast-disable-related-posts":"","theme-transparent-header-meta":"","adv-header-id-meta":"","stick-header-meta":"","header-above-stick-meta":"","header-main-stick-meta":"","header-below-stick-meta":"","astra-migrate-meta-layouts":"default","ast-page-background-enabled":"default","ast-page-background-meta":{"desktop":{"background-color":"var(--ast-global-color-4)","background-image":"","background-repeat":"repeat","background-position":"center center","background-size":"auto","background-attachment":"scroll","background-type":"","background-media":"","overlay-type":"","overlay-color":"","overlay-opacity":"","overlay-gradient":""},"tablet":{"background-color":"","background-image":"","background-repeat":"repeat","background-position":"center center","background-size":"auto","background-attachment":"scroll","background-type":"","background-media":"","overlay-type":"","overlay-color":"","overlay-opacity":"","overlay-gradient":""},"mobile":{"background-color":"","background-image":"","background-repeat":"repeat","background-position":"center center","background-size":"auto","background-attachment":"scroll","background-type":"","background-media":"","overlay-type":"","overlay-color":"","overlay-opacity":"","overlay-gradient":""}},"ast-content-background-meta":{"desktop":{"background-color":"var(--ast-global-color-5)","background-image":"","background-repeat":"repeat","background-position":"center center","background-size":"auto","background-attachment":"scroll","background-type":"","background-media":"","overlay-type":"","overlay-color":"","overlay-opacity":"","overlay-gradient":""},"tablet":{"background-color":"var(--ast-global-color-5)","background-image":"","background-repeat":"repeat","background-position":"center center","background-size":"auto","background-attachment":"scroll","background-type":"","background-media":"","overlay-type":"","overlay-color":"","overlay-opacity":"","overlay-gradient":""},"mobile":{"background-color":"var(--ast-global-color-5)","background-image":"","background-repeat":"repeat","background-position":"center center","background-size":"auto","background-attachment":"scroll","background-type":"","background-media":"","overlay-type":"","overlay-color":"","overlay-opacity":"","overlay-gradient":""}},"footnotes":""},"class_list":["post-999","page","type-page","status-publish","hentry"],"_links":{"self":[{"href":"https:\/\/walesnuclearforum.com\/cy\/wp-json\/wp\/v2\/pages\/999","targetHints":{"allow":["GET"]}}],"collection":[{"href":"https:\/\/walesnuclearforum.com\/cy\/wp-json\/wp\/v2\/pages"}],"about":[{"href":"https:\/\/walesnuclearforum.com\/cy\/wp-json\/wp\/v2\/types\/page"}],"author":[{"embeddable":true,"href":"https:\/\/walesnuclearforum.com\/cy\/wp-json\/wp\/v2\/users\/1"}],"replies":[{"embeddable":true,"href":"https:\/\/walesnuclearforum.com\/cy\/wp-json\/wp\/v2\/comments?post=999"}],"version-history":[{"count":2,"href":"https:\/\/walesnuclearforum.com\/cy\/wp-json\/wp\/v2\/pages\/999\/revisions"}],"predecessor-version":[{"id":1001,"href":"https:\/\/walesnuclearforum.com\/cy\/wp-json\/wp\/v2\/pages\/999\/revisions\/1001"}],"wp:attachment":[{"href":"https:\/\/walesnuclearforum.com\/cy\/wp-json\/wp\/v2\/media?parent=999"}],"curies":[{"name":"wp","href":"https:\/\/api.w.org\/{rel}","templated":true}]}}